{"id":14390,"date":"2022-11-01T08:43:10","date_gmt":"2022-11-01T05:43:10","guid":{"rendered":"https:\/\/baydarlar.nebulaajans.com\/refund-and-return-policy\/"},"modified":"2025-08-11T10:49:49","modified_gmt":"2025-08-11T07:49:49","slug":"refund-and-return-policy","status":"publish","type":"page","link":"https:\/\/baydarlar.com\/en\/refund-and-return-policy\/","title":{"rendered":"Refund and Return Policy"},"content":{"rendered":"\t\t<div data-elementor-type=\"wp-page\" data-elementor-id=\"14390\" class=\"elementor elementor-14390\" data-elementor-post-type=\"page\">\n\t\t\t\t\t\t<section class=\"elementor-section elementor-top-section elementor-element elementor-element-3a74288 elementor-section-boxed elementor-section-height-default elementor-section-height-default\" data-id=\"3a74288\" data-element_type=\"section\">\n\t\t\t\t\t\t<div class=\"elementor-container elementor-column-gap-extended\">\n\t\t\t\t\t<div class=\"elementor-column elementor-col-100 elementor-top-column elementor-element elementor-element-96c599c\" data-id=\"96c599c\" data-element_type=\"column\">\n\t\t\t<div class=\"elementor-widget-wrap elementor-element-populated\">\n\t\t\t\t\t\t<div class=\"elementor-element elementor-element-1e11571 elementor-widget elementor-widget-heading\" data-id=\"1e11571\" data-element_type=\"widget\" data-widget_type=\"heading.default\">\n\t\t\t\t\t<h3 class=\"elementor-heading-title elementor-size-default\">Refund and Return Policy<\/h3>\t\t\t\t<\/div>\n\t\t\t\t\t<\/div>\n\t\t<\/div>\n\t\t\t\t\t<\/div>\n\t\t<\/section>\n\t\t<div class=\"elementor-element elementor-element-42a4c15 e-flex e-con-boxed e-con e-parent\" data-id=\"42a4c15\" data-element_type=\"container\">\n\t\t\t\t\t<div class=\"e-con-inner\">\n\t\t\t\t<div class=\"elementor-element elementor-element-70ad472 elementor-widget elementor-widget-text-editor\" data-id=\"70ad472\" data-element_type=\"widget\" data-widget_type=\"text-editor.default\">\n\t\t\t\t\t\t\t\t\t<h3 data-start=\"120\" data-end=\"159\">Son g\u00fcncellenme: 24.06.2025<\/h3><p data-start=\"79\" data-end=\"122\"><strong data-start=\"79\" data-end=\"120\">Customer Satisfaction &amp; Return Policy<\/strong><\/p><p data-start=\"124\" data-end=\"310\">Customer satisfaction is always our top priority. If the product you purchased does not meet your expectations, you may request a return and refund under the conditions outlined below.<\/p><hr data-start=\"312\" data-end=\"315\" \/><h3 data-start=\"317\" data-end=\"344\"><strong data-start=\"321\" data-end=\"342\">Return Conditions<\/strong><\/h3><ul data-start=\"345\" data-end=\"793\"><li data-start=\"345\" data-end=\"408\"><p data-start=\"347\" data-end=\"408\">The return period is <strong data-start=\"368\" data-end=\"379\">14 days<\/strong> from the date of delivery.<\/p><\/li><li data-start=\"409\" data-end=\"494\"><p data-start=\"411\" data-end=\"494\">The product must be <strong data-start=\"431\" data-end=\"441\">unused<\/strong>, <strong data-start=\"443\" data-end=\"456\">undamaged<\/strong>, and in its <strong data-start=\"469\" data-end=\"491\">original packaging<\/strong>.<\/p><\/li><li data-start=\"495\" data-end=\"592\"><p data-start=\"497\" data-end=\"592\">A <strong data-start=\"499\" data-end=\"510\">receipt<\/strong> or a <strong data-start=\"516\" data-end=\"556\">document containing the order number<\/strong> must be included with the return.<\/p><\/li><li data-start=\"593\" data-end=\"793\"><p data-start=\"595\" data-end=\"793\">For <strong data-start=\"599\" data-end=\"618\">hygiene reasons<\/strong>, certain products (e.g., underwear, personal care items) cannot be returned. For these products, the right to return is valid only if the <strong data-start=\"757\" data-end=\"790\">packaging has not been opened<\/strong>.<\/p><\/li><\/ul><hr data-start=\"795\" data-end=\"798\" \/><h3 data-start=\"800\" data-end=\"824\"><strong data-start=\"804\" data-end=\"822\">Refund Process<\/strong><\/h3><ul data-start=\"825\" data-end=\"1142\"><li data-start=\"825\" data-end=\"916\"><p data-start=\"827\" data-end=\"916\">Once the returned product is received, it will be inspected within <strong data-start=\"894\" data-end=\"913\">3 business days<\/strong>.<\/p><\/li><li data-start=\"917\" data-end=\"1045\"><p data-start=\"919\" data-end=\"1045\">If approved, the refund will be processed within <strong data-start=\"968\" data-end=\"990\">5\u201310 business days<\/strong> to the original payment method used during purchase.<\/p><\/li><li data-start=\"1046\" data-end=\"1142\"><p data-start=\"1048\" data-end=\"1142\">If the product is sent <strong data-start=\"1071\" data-end=\"1082\">damaged<\/strong>, <strong data-start=\"1084\" data-end=\"1098\">incomplete<\/strong>, or <strong data-start=\"1103\" data-end=\"1111\">used<\/strong>, the return may be rejected.<\/p><\/li><\/ul><hr data-start=\"1144\" data-end=\"1147\" \/><h3 data-start=\"1149\" data-end=\"1172\"><strong data-start=\"1153\" data-end=\"1170\">Shipping Fees<\/strong><\/h3><ul data-start=\"1173\" data-end=\"1359\"><li data-start=\"1173\" data-end=\"1238\"><p data-start=\"1175\" data-end=\"1238\">Return shipping costs are the responsibility of the customer.<\/p><\/li><li data-start=\"1239\" data-end=\"1359\"><p data-start=\"1241\" data-end=\"1359\">Return shipping fees will only be covered by our company in cases of <strong data-start=\"1310\" data-end=\"1320\">faulty<\/strong> or <strong data-start=\"1324\" data-end=\"1345\">defective product<\/strong> deliveries.<\/p><\/li><\/ul><hr data-start=\"1361\" data-end=\"1364\" \/><h3 data-start=\"1366\" data-end=\"1390\"><strong data-start=\"1370\" data-end=\"1388\">Return Address<\/strong><\/h3><p data-start=\"1391\" data-end=\"1496\">Please contact us before initiating a return. Approved returns should be sent to the following address:<\/p><p data-start=\"1431\" data-end=\"1513\"><strong data-start=\"1431\" data-end=\"1446\">Baydarlar<\/strong><br data-start=\"1446\" data-end=\"1449\" \/>K\u0131\u015fla Organize Sanayi B\u00f6lgesi 40 Sok. No:19<br data-start=\"1463\" data-end=\"1466\" \/>Burdur T\u00fcrkiye<br \/>+902482528115<br \/>info@baydarlar.com<\/p>\t\t\t\t\t\t\t\t<\/div>\n\t\t\t\t\t<\/div>\n\t\t\t\t<\/div>\n\t\t\t\t<\/div>\n\t\t","protected":false},"excerpt":{"rendered":"<p>Refund and Return Policy Son g\u00fcncellenme: 24.06.2025 Customer Satisfaction &amp; Return Policy Customer satisfaction is always our top priority. If the product you purchased does not meet your expectations, you may request a return and refund under the conditions outlined below. Return Conditions The return period is 14 days from the date of delivery. The<\/p>\n<div class=\"klb-readmore button\"><a class=\"btn link\" href=\"https:\/\/baydarlar.com\/en\/refund-and-return-policy\/\">Read More <i class=\"klbth-icon-right-arrow\"><\/i><\/a><\/div>\n","protected":false},"author":2,"featured_media":0,"parent":0,"menu_order":0,"comment_status":"closed","ping_status":"closed","template":"","meta":{"footnotes":""},"class_list":["post-14390","page","type-page","status-publish","hentry"],"_links":{"self":[{"href":"https:\/\/baydarlar.com\/en\/wp-json\/wp\/v2\/pages\/14390","targetHints":{"allow":["GET"]}}],"collection":[{"href":"https:\/\/baydarlar.com\/en\/wp-json\/wp\/v2\/pages"}],"about":[{"href":"https:\/\/baydarlar.com\/en\/wp-json\/wp\/v2\/types\/page"}],"author":[{"embeddable":true,"href":"https:\/\/baydarlar.com\/en\/wp-json\/wp\/v2\/users\/2"}],"replies":[{"embeddable":true,"href":"https:\/\/baydarlar.com\/en\/wp-json\/wp\/v2\/comments?post=14390"}],"version-history":[{"count":0,"href":"https:\/\/baydarlar.com\/en\/wp-json\/wp\/v2\/pages\/14390\/revisions"}],"wp:attachment":[{"href":"https:\/\/baydarlar.com\/en\/wp-json\/wp\/v2\/media?parent=14390"}],"curies":[{"name":"wp","href":"https:\/\/api.w.org\/{rel}","templated":true}]}}