{"id":14345,"date":"2022-11-11T08:08:57","date_gmt":"2022-11-11T05:08:57","guid":{"rendered":"https:\/\/baydarlar.nebulaajans.com\/privacy-policy\/"},"modified":"2025-08-11T10:31:30","modified_gmt":"2025-08-11T07:31:30","slug":"privacy-policy","status":"publish","type":"page","link":"https:\/\/baydarlar.com\/en\/privacy-policy\/","title":{"rendered":"Privacy Policy"},"content":{"rendered":"\t\t<div data-elementor-type=\"wp-page\" data-elementor-id=\"14345\" class=\"elementor elementor-14345\" data-elementor-post-type=\"page\">\n\t\t\t\t\t\t<section class=\"elementor-section elementor-top-section elementor-element elementor-element-2a790f8 elementor-section-boxed elementor-section-height-default elementor-section-height-default\" data-id=\"2a790f8\" data-element_type=\"section\">\n\t\t\t\t\t\t<div class=\"elementor-container elementor-column-gap-extended\">\n\t\t\t\t\t<div class=\"elementor-column elementor-col-100 elementor-top-column elementor-element elementor-element-dc230e4\" data-id=\"dc230e4\" data-element_type=\"column\">\n\t\t\t<div class=\"elementor-widget-wrap elementor-element-populated\">\n\t\t\t\t\t\t<div class=\"elementor-element elementor-element-7b64751 elementor-widget elementor-widget-heading\" data-id=\"7b64751\" data-element_type=\"widget\" data-widget_type=\"heading.default\">\n\t\t\t\t\t<h3 class=\"elementor-heading-title elementor-size-default\">Privacy Policy<\/h3>\t\t\t\t<\/div>\n\t\t\t\t\t<\/div>\n\t\t<\/div>\n\t\t\t\t\t<\/div>\n\t\t<\/section>\n\t\t<div class=\"elementor-element elementor-element-7f10722 e-flex e-con-boxed e-con e-parent\" data-id=\"7f10722\" data-element_type=\"container\">\n\t\t\t\t\t<div class=\"e-con-inner\">\n\t\t\t\t<div class=\"elementor-element elementor-element-c375351 elementor-widget elementor-widget-text-editor\" data-id=\"c375351\" data-element_type=\"widget\" data-widget_type=\"text-editor.default\">\n\t\t\t\t\t\t\t\t\t<p data-start=\"366\" data-end=\"393\"><strong data-start=\"366\" data-end=\"393\">Last updated: 24.06.2025<\/strong><\/p>\n<p data-start=\"395\" data-end=\"663\">At [Site Name] (&#8220;we&#8221;, &#8220;our site&#8221; or &#8220;company&#8221;), we are committed to protecting the privacy of our customers. This Privacy Policy describes how we collect, use and protect the personal data we collect through our website<a href=\"http:\/\/www.baydarlar.com\" target=\"_new\" rel=\"noopener\">[www.baydarlar.com]<\/a>.<\/p>\n<h3 data-start=\"665\" data-end=\"693\">1. Information we collect<\/h3>\n<p data-start=\"695\" data-end=\"762\">We may collect the following information from you when you use our Site:<\/p>\n<ul data-start=\"764\" data-end=\"1170\">\n<li data-start=\"764\" data-end=\"873\">\n<p data-start=\"766\" data-end=\"873\"><strong data-start=\"766\" data-end=\"786\">Personal Information<\/strong>: Information such as name, surname, e-mail address, phone number, billing and delivery address.<\/p>\n<\/li>\n<li data-start=\"874\" data-end=\"1016\">\n<p data-start=\"876\" data-end=\"1016\"><strong data-start=\"876\" data-end=\"895\">Payment Information<\/strong>: Card information required for payment processing (processed by 3rd party payment providers, we do not store it directly).<\/p>\n<\/li>\n<li data-start=\"1017\" data-end=\"1066\">\n<p data-start=\"1019\" data-end=\"1066\"><strong data-start=\"1019\" data-end=\"1038\">Account Information<\/strong>: Login details, passwords.<\/p>\n<\/li>\n<li data-start=\"1067\" data-end=\"1170\">\n<p data-start=\"1069\" data-end=\"1170\"><strong data-start=\"1069\" data-end=\"1100\">Device and Usage Information<\/strong>: IP address, browser type, access times, pages viewed, etc.<\/p>\n<\/li>\n<\/ul>\n<h3 data-start=\"1172\" data-end=\"1207\">2. Intended Use of Information<\/h3>\n<p data-start=\"1209\" data-end=\"1263\">We use the information we collect for the following purposes:<\/p>\n<ul data-start=\"1265\" data-end=\"1546\">\n<li data-start=\"1265\" data-end=\"1306\">\n<p data-start=\"1267\" data-end=\"1306\">Processing and delivering your orders<\/p>\n<\/li>\n<li data-start=\"1307\" data-end=\"1342\">\n<p data-start=\"1309\" data-end=\"1342\">To realize payment transactions<\/p>\n<\/li>\n<li data-start=\"1343\" data-end=\"1369\">\n<p data-start=\"1345\" data-end=\"1369\">Providing customer support<\/p>\n<\/li>\n<li data-start=\"1370\" data-end=\"1425\">\n<p data-start=\"1372\" data-end=\"1425\">Creating an account and logging in<\/p>\n<\/li>\n<li data-start=\"1426\" data-end=\"1506\">\n<p data-start=\"1428\" data-end=\"1506\">Send you information about promotions and campaigns (with your consent)<\/p>\n<\/li>\n<li data-start=\"1507\" data-end=\"1546\">\n<p data-start=\"1509\" data-end=\"1546\">Develop and customize our site<\/p>\n<\/li>\n<\/ul>\n<h3 data-start=\"1548\" data-end=\"1575\">3. Sharing Information<\/h3>\n<p data-start=\"1577\" data-end=\"1661\">We may only share your personal data with third parties in the following circumstances:<\/p>\n<ul data-start=\"1663\" data-end=\"1873\">\n<li data-start=\"1663\" data-end=\"1712\">\n<p data-start=\"1665\" data-end=\"1712\">With official authorities within the scope of legal obligations<\/p>\n<\/li>\n<li data-start=\"1713\" data-end=\"1820\">\n<p data-start=\"1715\" data-end=\"1820\">With payment service providers, carriers and infrastructure providers (only the information required)<\/p>\n<\/li>\n<li data-start=\"1821\" data-end=\"1873\">\n<p data-start=\"1823\" data-end=\"1873\">With your explicit consent, we will work with campaign partners<\/p>\n<\/li>\n<\/ul>\n<h3 data-start=\"1875\" data-end=\"1900\">4. Cookies<\/h3>\n<p data-start=\"1902\" data-end=\"2062\">Our website uses cookies to improve the user experience. You can change your browser settings to refuse or control cookies.<\/p>\n<h3 data-start=\"2064\" data-end=\"2096\">5. Data Retention Period<\/h3>\n<p data-start=\"2098\" data-end=\"2221\">Your personal data is stored for the periods specified in the relevant legislation or for as long as necessary for service provision.<\/p>\n<h3 data-start=\"2223\" data-end=\"2240\">6. Your rights<\/h3>\n<p data-start=\"2242\" data-end=\"2342\">Under Law No. 6698 on the Protection of Personal Data (KVKK) and\/or GDPR, you have the following rights<\/p>\n<ul data-start=\"2344\" data-end=\"2523\">\n<li data-start=\"2344\" data-end=\"2385\">\n<p data-start=\"2346\" data-end=\"2385\">Find out which of your data we process<\/p>\n<\/li>\n<li data-start=\"2386\" data-end=\"2444\">\n<p data-start=\"2388\" data-end=\"2444\">Request correction or deletion of your data<\/p>\n<\/li>\n<li data-start=\"2445\" data-end=\"2484\">\n<p data-start=\"2447\" data-end=\"2484\">Object to the processing of your data<\/p>\n<\/li>\n<li data-start=\"2485\" data-end=\"2523\">\n<p data-start=\"2487\" data-end=\"2523\">Request the migration of your data<\/p>\n<\/li>\n<\/ul>\n<p data-start=\"2525\" data-end=\"2653\">To exercise these rights, you can contact us:<br data-start=\"2588\" data-end=\"2591\"><\/p><span data-start=\"1431\" data-end=\"1446\" style=\"font-weight: bolder; letter-spacing: -0.03px;\">Baydarlar<\/span><br data-start=\"1446\" data-end=\"1449\" style=\"letter-spacing: -0.03px;\"><span style=\"letter-spacing: -0.03px;\">K\u0131\u015fla Organize Sanayi B\u00f6lgesi 40 Sok. No:19<\/span><br data-start=\"1463\" data-end=\"1466\" style=\"letter-spacing: -0.03px;\"><span style=\"letter-spacing: -0.03px;\">Burdur T\u00fcrkiye<\/span><br style=\"letter-spacing: -0.03px;\"><span style=\"letter-spacing: -0.03px;\">+902482528115<\/span><br style=\"letter-spacing: -0.03px;\"><h3 data-start=\"2655\" data-end=\"2670\"><span style=\"letter-spacing: -0.03px; font-size: 16px; font-weight: 400;\">info@baydarlar.com<\/span><\/h3><h3 data-start=\"2655\" data-end=\"2670\">7. Security<\/h3>\n<p data-start=\"2672\" data-end=\"2771\">We take appropriate technical and administrative security measures to protect the confidentiality of your personal data.<\/p>\n<h3 data-start=\"2773\" data-end=\"2803\">8. Policy Changes<\/h3>\n<p data-start=\"2805\" data-end=\"2903\">This Privacy Policy may be updated from time to time. You can follow the changes on our website.<\/p>\t\t\t\t\t\t\t\t<\/div>\n\t\t\t\t\t<\/div>\n\t\t\t\t<\/div>\n\t\t\t\t<\/div>\n\t\t","protected":false},"excerpt":{"rendered":"<p>Privacy Policy Last updated: 24.06.2025 At [Site Name] (&#8220;we&#8221;, &#8220;our site&#8221; or &#8220;company&#8221;), we are committed to protecting the privacy of our customers. This Privacy Policy describes how we collect, use and protect the personal data we collect through our website[www.baydarlar.com]. 1. Information we collect We may collect the following information from you when you<\/p>\n<div class=\"klb-readmore button\"><a class=\"btn link\" href=\"https:\/\/baydarlar.com\/en\/privacy-policy\/\">Read More <i class=\"klbth-icon-right-arrow\"><\/i><\/a><\/div>\n","protected":false},"author":2,"featured_media":0,"parent":0,"menu_order":0,"comment_status":"closed","ping_status":"closed","template":"","meta":{"footnotes":""},"class_list":["post-14345","page","type-page","status-publish","hentry"],"_links":{"self":[{"href":"https:\/\/baydarlar.com\/en\/wp-json\/wp\/v2\/pages\/14345","targetHints":{"allow":["GET"]}}],"collection":[{"href":"https:\/\/baydarlar.com\/en\/wp-json\/wp\/v2\/pages"}],"about":[{"href":"https:\/\/baydarlar.com\/en\/wp-json\/wp\/v2\/types\/page"}],"author":[{"embeddable":true,"href":"https:\/\/baydarlar.com\/en\/wp-json\/wp\/v2\/users\/2"}],"replies":[{"embeddable":true,"href":"https:\/\/baydarlar.com\/en\/wp-json\/wp\/v2\/comments?post=14345"}],"version-history":[{"count":0,"href":"https:\/\/baydarlar.com\/en\/wp-json\/wp\/v2\/pages\/14345\/revisions"}],"wp:attachment":[{"href":"https:\/\/baydarlar.com\/en\/wp-json\/wp\/v2\/media?parent=14345"}],"curies":[{"name":"wp","href":"https:\/\/api.w.org\/{rel}","templated":true}]}}